{"id":1114,"date":"2019-09-26T16:34:27","date_gmt":"2019-09-26T16:34:27","guid":{"rendered":"http:\/\/jordinabiosca.com\/?page_id=1114"},"modified":"2019-11-06T12:31:34","modified_gmt":"2019-11-06T12:31:34","slug":"trayectoria","status":"publish","type":"page","link":"https:\/\/jordinabiosca.com\/es\/trayectoria\/","title":{"rendered":"Trayectoria"},"content":{"rendered":"[vc_row][vc_column css=\u00bb.vc_custom_1428188962532{padding-top: 50px !important;padding-right: 50px !important;padding-left: 50px !important;}\u00bb][vc_single_image image=\u00bb1122&#8243; img_size=\u00bbfull\u00bb][\/vc_column][\/vc_row][vc_row css=\u00bb.vc_custom_1428187466917{padding-right: 25px !important;padding-left: 25px !important;}\u00bb][vc_column width=\u00bb1\/2&#8243; css=\u00bb.vc_custom_1515023860512{margin-right: 0px !important;margin-left: 0px !important;padding-top: 0px !important;padding-right: 25px !important;padding-bottom: 25px !important;padding-left: 25px !important;}\u00bb][vc_column_text css=\u00bb.vc_custom_1573043234657{margin-bottom: 0px !important;border-bottom-width: 0px !important;padding-bottom: 10px !important;}\u00bb]\n<h4 class=\"p1\">Espect\u00e1culos<\/h4>\n<p>Creadora, narradora, guionista y directora des del 1998.<\/p>\n<p>&nbsp;<\/p>\n<p>Ha presentado sus espect\u00e1culos en m\u00faltiples festivales, ciclos de narraci\u00f3n, de poes\u00eda y teatro en todo el estado espa\u00f1ol, y ha actuado regularmente en las programaciones estables en todo Catalunya.<\/p>\n<p>&nbsp;<\/p>\n<p>Combina espect\u00e1culos \u00edntegramente de texto con actuaciones con acompa\u00f1amiento musical, tanto con m\u00fasicos de formaci\u00f3n cl\u00e1sica como contempor\u00e1nea.<\/p>\n<p>&nbsp;<\/p>\n<p>Ha creado proyectos a la carta de espect\u00e1culos, CD&#8217;s, producciones y presentaciones de actos para la Fira Mediterr\u00e1nea de Manresa, Fundaci\u00f3n La Caixa, Vallformosa, Nit de Castells, Descobrir Catalunya i Generalitat de Catalunya entre otros..<\/p>\n<p>&nbsp;<\/p>\n<p>Tambi\u00e9n ha realizado formaciones pera adultos en colaboraci\u00f3n con la Universitat Ramon Llull, Universitat Aut\u00f2noma de Barcelona, Universitat de Vic, Universitat Rovira i Virgili, Escola Marta Mata i las escuelas de verano para adultos de la Generalitat.<\/p>\n<p>&nbsp;<\/p>\n<p>Es protagonista de todos els sus espect\u00e1culos y hace la adaptaci\u00f3n de tots los guiones.<\/p>\n<p><strong>Sus espect\u00e1culos se caracterizan por la intensidad interpretativa y la elecci\u00f3n de textos de contenido contundente.<\/strong><\/p>\n<p>&nbsp;<\/p>\n<p>Principales instituciones con las que ha trabajado:[\/vc_column_text][vc_single_image image=\u00bb1120&#8243; img_size=\u00bbfull\u00bb alignment=\u00bbcenter\u00bb css=\u00bb.vc_custom_1515025489646{margin-top: 0px !important;margin-right: 0px !important;margin-bottom: 0px !important;margin-left: 0px !important;border-top-width: 0px !important;border-right-width: 0px !important;border-bottom-width: 0px !important;border-left-width: 0px !important;padding-top: 0px !important;padding-right: 25px !important;padding-bottom: 0px !important;padding-left: 0px !important;}\u00bb][\/vc_column][vc_column width=\u00bb1\/2&#8243; css=\u00bb.vc_custom_1515023871788{margin-top: 0px !important;border-top-width: 0px !important;padding-top: 0px !important;padding-right: 25px !important;padding-bottom: 25px !important;padding-left: 25px !important;}\u00bb][vc_column_text css=\u00bb.vc_custom_1573043440580{margin-bottom: 0px !important;border-bottom-width: 0px !important;padding-top: 0px !important;padding-right: 0px !important;padding-bottom: 0px !important;padding-left: 0px !important;background-color: rgba(255,255,255,0.01) !important;*background-color: rgb(255,255,255) !important;}\u00bb]\n<h4 class=\"p1\">Festival En Veu Alta<\/h4>\n<p>Desde el 2005.<\/p>\n<p>Dirige el <span class=\"s1\"><span style=\"color: #000000;\"><strong><a style=\"color: #000000;\" href=\"http:\/\/enveualta.com\/\" target=\"_blank\" rel=\"noopener noreferrer\"><span class=\"s2\">Festival EVA, EN VEU ALTA<\/span><\/a><\/strong><\/span>, festival internacional de narraci\u00f3n y tradici\u00f3n oral en el Pened\u00e8s y en Pradell de la Teixeta (Priorato).<\/span>[\/vc_column_text][vc_column_text css=\u00bb.vc_custom_1573043482611{margin-bottom: 0px !important;border-bottom-width: 0px !important;padding-top: 20px !important;padding-right: 0px !important;padding-bottom: 0px !important;padding-left: 0px !important;background-color: rgba(255,255,255,0.01) !important;*background-color: rgb(255,255,255) !important;}\u00bb]<strong>Eva 354<\/strong><\/p>\n<p>Desde el 2014.<\/p>\n<p>Gestiona el servicio de voluntariado cultural lector EVA354 para acercar la lectura en voz alta y acercarla a los colectivos m\u00e1s desfavorecidos.<\/p>\n<p>Mas informaci\u00f3n:\u00a0<strong><a href=\"http:\/\/www.eva354.com\" target=\"_blank\" rel=\"noopener noreferrer\"> www.eva354.com<\/a><\/strong>[\/vc_column_text][vc_single_image image=\u00bb1125&#8243; img_size=\u00bb150&#215;48,5&#8243; css=\u00bb.vc_custom_1515025715429{margin-top: 0px !important;margin-right: 0px !important;margin-bottom: 0px !important;margin-left: 0px !important;border-top-width: 0px !important;border-right-width: 0px !important;border-bottom-width: 0px !important;border-left-width: 0px !important;padding-top: 20px !important;padding-right: 25px !important;padding-bottom: 0px !important;padding-left: 0px !important;}\u00bb][vc_column_text css=\u00bb.vc_custom_1573043315883{padding-top: 25px !important;}\u00bb]&nbsp;<\/p>\n<p>&nbsp;[\/vc_column_text][vc_column_text css=\u00bb.vc_custom_1573043377252{padding-top: 25px !important;}\u00bb]\n<h4 class=\"p1\">La Cisterna<\/h4>\n<p>Desde 2013.<\/p>\n<p>Dirige y gestiona la sala de espect\u00e1culos\u00a0<strong><span style=\"color: #000000;\"><a style=\"color: #000000;\" href=\"https:\/\/www.facebook.com\/lacisternaCAT\/?fref=ts\" target=\"_blank\" rel=\"noopener noreferrer\">La Cisterna<\/a><\/span><\/strong><span style=\"color: #000000;\"> en Vilafranca del Pened\u00e8s.<\/span>[\/vc_column_text][vc_column_text css=\u00bb.vc_custom_1573043287891{padding-top: 25px !important;}\u00bb][\/vc_column_text][vc_column_text css=\u00bb.vc_custom_1515023893834{margin-bottom: 0px !important;border-bottom-width: 0px !important;padding-top: 25px !important;padding-right: 0px !important;padding-bottom: 0px !important;padding-left: 0px !important;background-color: rgba(255,255,255,0.01) !important;*background-color: rgb(255,255,255) !important;}\u00bb]\n<h4 class=\"p1\">Docencia<\/h4>\n<p>Compagina los espect\u00e1culos con la formaci\u00f3n para adultos y j\u00f3venes en el mundo de la narraci\u00f3n y la lectura en voz alta. Imparte clases en el \u00e1mbito profesional y del p\u00fablico general. Ha impartido cursos en las escuelas de verano de las principales universidades del pa\u00eds.<\/p>\n[\/vc_column_text][vc_single_image image=\u00bb1121&#8243; img_size=\u00bbfull\u00bb alignment=\u00bbcenter\u00bb css=\u00bb.vc_custom_1428188588440{margin-top: 0px !important;margin-right: 0px !important;margin-bottom: 0px !important;margin-left: 0px !important;border-top-width: 0px !important;border-right-width: 0px !important;border-bottom-width: 0px !important;border-left-width: 0px !important;padding-top: 20px !important;padding-right: 50px !important;padding-bottom: 10px !important;padding-left: 0px !important;}\u00bb][\/vc_column][\/vc_row]\n","protected":false},"excerpt":{"rendered":"<p>[vc_row][vc_column css=\u00bb.vc_custom_1428188962532{padding-top: 50px !important;padding-right: 50px !important;padding-left: 50px !important;}\u00bb][vc_single_image image=\u00bb1122&#8243; img_size=\u00bbfull\u00bb][\/vc_column][\/vc_row][vc_row css=\u00bb.vc_custom_1428187466917{padding-right: 25px !important;padding-left: 25px !important;}\u00bb][vc_column width=\u00bb1\/2&#8243; css=\u00bb.vc_custom_1515023860512{margin-right: 0px !important;margin-left: 0px !important;padding-top: 0px !important;padding-right: 25px !important;padding-bottom: 25px !important;padding-left: 25px !important;}\u00bb][vc_column_text css=\u00bb.vc_custom_1573043234657{margin-bottom: [&hellip;]<\/p>\n","protected":false},"author":1,"featured_media":0,"parent":0,"menu_order":0,"comment_status":"open","ping_status":"open","template":"","meta":{"footnotes":""},"class_list":["post-1114","page","type-page","status-publish","hentry"],"yoast_head":"<!-- This site is optimized with the Yoast SEO plugin v25.3 - https:\/\/yoast.com\/wordpress\/plugins\/seo\/ -->\n<title>Trayectoria - Jordina Biosca<\/title>\n<meta name=\"robots\" content=\"index, follow, max-snippet:-1, max-image-preview:large, max-video-preview:-1\" \/>\n<link rel=\"canonical\" href=\"https:\/\/jordinabiosca.com\/es\/trayectoria\/\" \/>\n<meta property=\"og:locale\" content=\"es_ES\" \/>\n<meta property=\"og:type\" content=\"article\" \/>\n<meta property=\"og:title\" content=\"Trayectoria - Jordina Biosca\" \/>\n<meta property=\"og:description\" content=\"[vc_row][vc_column css=\u00bb.vc_custom_1428188962532{padding-top: 50px !important;padding-right: 50px !important;padding-left: 50px !important;}\u00bb][vc_single_image image=\u00bb1122&#8243; img_size=\u00bbfull\u00bb][\/vc_column][\/vc_row][vc_row css=\u00bb.vc_custom_1428187466917{padding-right: 25px !important;padding-left: 25px !important;}\u00bb][vc_column width=\u00bb1\/2&#8243; css=\u00bb.vc_custom_1515023860512{margin-right: 0px !important;margin-left: 0px !important;padding-top: 0px !important;padding-right: 25px !important;padding-bottom: 25px !important;padding-left: 25px !important;}\u00bb][vc_column_text css=\u00bb.vc_custom_1573043234657{margin-bottom: [&hellip;]\" \/>\n<meta property=\"og:url\" content=\"https:\/\/jordinabiosca.com\/es\/trayectoria\/\" \/>\n<meta property=\"og:site_name\" content=\"Jordina Biosca\" \/>\n<meta property=\"article:modified_time\" content=\"2019-11-06T12:31:34+00:00\" \/>\n<meta name=\"twitter:card\" content=\"summary_large_image\" \/>\n<meta name=\"twitter:label1\" content=\"Tiempo de lectura\" \/>\n\t<meta name=\"twitter:data1\" content=\"4 minutos\" \/>\n<script type=\"application\/ld+json\" class=\"yoast-schema-graph\">{\"@context\":\"https:\/\/schema.org\",\"@graph\":[{\"@type\":\"WebPage\",\"@id\":\"https:\/\/jordinabiosca.com\/es\/trayectoria\/\",\"url\":\"https:\/\/jordinabiosca.com\/es\/trayectoria\/\",\"name\":\"Trayectoria - Jordina Biosca\",\"isPartOf\":{\"@id\":\"https:\/\/jordinabiosca.com\/#website\"},\"datePublished\":\"2019-09-26T16:34:27+00:00\",\"dateModified\":\"2019-11-06T12:31:34+00:00\",\"breadcrumb\":{\"@id\":\"https:\/\/jordinabiosca.com\/es\/trayectoria\/#breadcrumb\"},\"inLanguage\":\"es\",\"potentialAction\":[{\"@type\":\"ReadAction\",\"target\":[\"https:\/\/jordinabiosca.com\/es\/trayectoria\/\"]}]},{\"@type\":\"BreadcrumbList\",\"@id\":\"https:\/\/jordinabiosca.com\/es\/trayectoria\/#breadcrumb\",\"itemListElement\":[{\"@type\":\"ListItem\",\"position\":1,\"name\":\"Portada\",\"item\":\"https:\/\/jordinabiosca.com\/es\/\"},{\"@type\":\"ListItem\",\"position\":2,\"name\":\"Trayectoria\"}]},{\"@type\":\"WebSite\",\"@id\":\"https:\/\/jordinabiosca.com\/#website\",\"url\":\"https:\/\/jordinabiosca.com\/\",\"name\":\"Jordina Biosca\",\"description\":\"Narradora i Actriu\",\"potentialAction\":[{\"@type\":\"SearchAction\",\"target\":{\"@type\":\"EntryPoint\",\"urlTemplate\":\"https:\/\/jordinabiosca.com\/?s={search_term_string}\"},\"query-input\":{\"@type\":\"PropertyValueSpecification\",\"valueRequired\":true,\"valueName\":\"search_term_string\"}}],\"inLanguage\":\"es\"}]}<\/script>\n<!-- \/ Yoast SEO plugin. -->","yoast_head_json":{"title":"Trayectoria - Jordina Biosca","robots":{"index":"index","follow":"follow","max-snippet":"max-snippet:-1","max-image-preview":"max-image-preview:large","max-video-preview":"max-video-preview:-1"},"canonical":"https:\/\/jordinabiosca.com\/es\/trayectoria\/","og_locale":"es_ES","og_type":"article","og_title":"Trayectoria - Jordina Biosca","og_description":"[vc_row][vc_column css=\u00bb.vc_custom_1428188962532{padding-top: 50px !important;padding-right: 50px !important;padding-left: 50px !important;}\u00bb][vc_single_image image=\u00bb1122&#8243; img_size=\u00bbfull\u00bb][\/vc_column][\/vc_row][vc_row css=\u00bb.vc_custom_1428187466917{padding-right: 25px !important;padding-left: 25px !important;}\u00bb][vc_column width=\u00bb1\/2&#8243; css=\u00bb.vc_custom_1515023860512{margin-right: 0px !important;margin-left: 0px !important;padding-top: 0px !important;padding-right: 25px !important;padding-bottom: 25px !important;padding-left: 25px !important;}\u00bb][vc_column_text css=\u00bb.vc_custom_1573043234657{margin-bottom: [&hellip;]","og_url":"https:\/\/jordinabiosca.com\/es\/trayectoria\/","og_site_name":"Jordina Biosca","article_modified_time":"2019-11-06T12:31:34+00:00","twitter_card":"summary_large_image","twitter_misc":{"Tiempo de lectura":"4 minutos"},"schema":{"@context":"https:\/\/schema.org","@graph":[{"@type":"WebPage","@id":"https:\/\/jordinabiosca.com\/es\/trayectoria\/","url":"https:\/\/jordinabiosca.com\/es\/trayectoria\/","name":"Trayectoria - Jordina Biosca","isPartOf":{"@id":"https:\/\/jordinabiosca.com\/#website"},"datePublished":"2019-09-26T16:34:27+00:00","dateModified":"2019-11-06T12:31:34+00:00","breadcrumb":{"@id":"https:\/\/jordinabiosca.com\/es\/trayectoria\/#breadcrumb"},"inLanguage":"es","potentialAction":[{"@type":"ReadAction","target":["https:\/\/jordinabiosca.com\/es\/trayectoria\/"]}]},{"@type":"BreadcrumbList","@id":"https:\/\/jordinabiosca.com\/es\/trayectoria\/#breadcrumb","itemListElement":[{"@type":"ListItem","position":1,"name":"Portada","item":"https:\/\/jordinabiosca.com\/es\/"},{"@type":"ListItem","position":2,"name":"Trayectoria"}]},{"@type":"WebSite","@id":"https:\/\/jordinabiosca.com\/#website","url":"https:\/\/jordinabiosca.com\/","name":"Jordina Biosca","description":"Narradora i Actriu","potentialAction":[{"@type":"SearchAction","target":{"@type":"EntryPoint","urlTemplate":"https:\/\/jordinabiosca.com\/?s={search_term_string}"},"query-input":{"@type":"PropertyValueSpecification","valueRequired":true,"valueName":"search_term_string"}}],"inLanguage":"es"}]}},"_links":{"self":[{"href":"https:\/\/jordinabiosca.com\/es\/wp-json\/wp\/v2\/pages\/1114","targetHints":{"allow":["GET"]}}],"collection":[{"href":"https:\/\/jordinabiosca.com\/es\/wp-json\/wp\/v2\/pages"}],"about":[{"href":"https:\/\/jordinabiosca.com\/es\/wp-json\/wp\/v2\/types\/page"}],"author":[{"embeddable":true,"href":"https:\/\/jordinabiosca.com\/es\/wp-json\/wp\/v2\/users\/1"}],"replies":[{"embeddable":true,"href":"https:\/\/jordinabiosca.com\/es\/wp-json\/wp\/v2\/comments?post=1114"}],"version-history":[{"count":7,"href":"https:\/\/jordinabiosca.com\/es\/wp-json\/wp\/v2\/pages\/1114\/revisions"}],"predecessor-version":[{"id":1282,"href":"https:\/\/jordinabiosca.com\/es\/wp-json\/wp\/v2\/pages\/1114\/revisions\/1282"}],"wp:attachment":[{"href":"https:\/\/jordinabiosca.com\/es\/wp-json\/wp\/v2\/media?parent=1114"}],"curies":[{"name":"wp","href":"https:\/\/api.w.org\/{rel}","templated":true}]}}